{"id":92,"date":"2020-04-05T17:17:32","date_gmt":"2020-04-05T17:17:32","guid":{"rendered":"https:\/\/dlff.winqsl.com\/?page_id=92"},"modified":"2020-04-05T17:19:36","modified_gmt":"2020-04-05T17:19:36","slug":"log-tipps","status":"publish","type":"page","link":"https:\/\/dlff.info\/index.php\/logs\/log-tipps\/","title":{"rendered":"Log-Tipps"},"content":{"rendered":"<p>Was ist bei den eingesandten Logs zu beachten:<\/p>\n<ul>\n<li>Jedes Log sollte im Namen aktivierte Referenz, Rufzeichen und Aktivierungsdatum enthalten<\/li>\n<li>Jedes Log muss im ADIF-Format sein und auch das Feld Band enthalten<\/li>\n<li>Die Referenz muss immer vierstellig sein, also z.B. DLFF-0001\u2026\u00a0 DLFF-0398 etc.<\/li>\n<\/ul>\n<p>WWFF-logsearch hat mittlerweilen eine Logpr\u00fcfung integriert.<\/p>\n<p>&nbsp;<\/p>\n<p>folgende Fehler passieren am H\u00e4ufigsten:<\/p>\n<p><strong>&lt;TIME_ON:4&gt;1147&lt;MY_SIG_INFO:8&gt;DLFF-027&lt;MY_GRIDSQUARE:6&gt;JO50AN&lt;EOR&gt;<\/strong><\/p>\n<p>Referenz statt vierstellig nur dreistellig<\/p>\n<p>&nbsp;<\/p>\n<p><strong>[ERROR] 20170809:112000 on 40M\/SSB between DL\/HA7UL\/P (HA7UL) @ DLFF-0066 and IKGPG<\/strong><br \/>\n<strong> \u2014\u2014&gt; Illegal hunter CALL IKGPG;<\/strong><\/p>\n<p>es wird ein ung\u00fcltiges Rufzeichen eingetragen<\/p>\n<p>&nbsp;<\/p>\n<p><strong>[ERROR] 20170708:114200 on 40M\/CW between DL7UWR\/P (DL7UWR) @ DLFF-0029 and UR3UX @ UTFF-1987<\/strong><br \/>\n<strong> \u2014\u2014&gt; Invalid hunter reference UTFF-1987;<\/strong><\/p>\n<p>bei Park to Park Verbindungen P2P wird eine ung\u00fcltige Referenz der Gegenstation eingetragen, was zum Teil auch daher r\u00fchrt, da\u00df\u00b4es Aktivit\u00e4ten von Referenzen gibt, die noch nicht einmal vom WWFF anerkannt sind<\/p>\n<p>&nbsp;<\/p>\n<p><strong>[ERROR] 20170803:134500 on 40M\/SSB between DK7JQ\/P (DK7JQ) @ DLFF-0125 and<\/strong><br \/>\n<strong> \u2014\u2014&gt; No hunter CALL;<\/strong><\/p>\n<p>es sind h\u00e4ufiger auch Leerzeilen in den ADIF-Files<\/p>\n<p>&nbsp;<\/p>\n<p><strong>[ERROR] 20170812:094000 on 20M\/SSB between EC2AG\/P (ANTONIO) @ EAFF-0103 and HB9AGH<\/strong><br \/>\n<strong> \u2014\u2014&gt; Log-file contains Station Callsign (use AUTO); Illegal OPERATOR callsign ANTONIO;<\/strong><\/p>\n<p>h\u00e4ufiger wird auch die Bedeutung der ADIF-Felder falsch verstanden. Im Feld Callsign darf nat\u00fcrlich nur ein Rufzeichen drin stehen.<\/p>\n<p>&nbsp;<\/p>\n<p><strong>[ERROR] 20171115:140600 on 20M\/SSB between DG5LAC\/P (DG5LAC) @ DLFF-0479 and US-M-125<\/strong><br \/>\n<strong>\u2014\u2014&gt; Illegal hunter CALL US-M-125;<\/strong><\/p>\n<p>es wird immer wieder versucht auch H\u00f6rberichte von SWLs in Logs zu bekommen, hier ist nat\u00fcrlich ganz klar, ein SWL kann keine 2-Weg-Verbindung mit einem Aktivierer machen, darum hat die Best\u00e4tigung eines SWL-Reports im Log nichts zu suchen<\/p>\n<p>&nbsp;<\/p>\n<p><strong>Alle diese Fehler f\u00fchren nicht zu dem Effekt, da\u00df ein QSO zuwenig hochgeladen wird, sondern Logsearch ignoriert das Log vollst\u00e4ndig, ein Upload kann erst erfolgen, wenn die Fehler beseitigt wurden.<\/strong><\/p>\n<p>Generell kann ich hier nur empfehlen ein sinnvolles Programm zur Erzeugung der ADIF-Files einzusetzen.<\/p>\n<p>Entweder kann der Export direkt aus dem Logprogramm erfolgen, es ist hier aber in jedem Fall darauf zu achten, da\u00df keine Doubletten eingereicht werden.<\/p>\n<p><strong>Zu beachten bei GMA-Logs:<\/strong><\/p>\n<p>Wer GMA-Aktivit\u00e4ten durchf\u00fchrt z.B. mehrere GMA an einem Tag innerhalb des gleichen DLFF-Gebietes diese bitte im GMA-Frontend vor dem Versand zusammenfassen.<\/p>\n<p>Bei Einzelsendungen f\u00fchrt dies ansonsten dazu, dass diese Logs den gleichen Dateinamen haben, ich somit in jedes Log reinsehen muss ob es tats\u00e4chlich ein doppelt gesendetes Log ist, oder eben genannter Fehler gemacht wurde.<\/p>\n<p><strong>Wichtigster Punkt hier am Ende:<\/strong><\/p>\n<p>Wenn Ihr das Log fertig habt, lest es komplett \u201csorgf\u00e4ltig\u201d noch einmal durch. Es geht nicht darum um 13 Uhr QRV zu sein und das Log um 14 Uhr abzuschicken, sondern es sollte stimmen.<\/p>\n<p>Es passiert leider immer h\u00e4ufiger, da\u00df nach 1 bis 2 Tagen Korrekturen oder \u00c4nderungen des Logs eintreffen. Bei dem heutigen Aufkommen von Aktivit\u00e4ten ist dies ein erheblicher zeitlicher Aufwand und nur unter erheblichem Mehraufwand zu schaffen, daher bitte einen sorgf\u00e4ltigen Doppelcheck durchf\u00fchren vor dem Versand.<\/p>\n<p>Das ADI-Log kann mit jedem Texteditor ge\u00f6ffnet werden.<\/p>\n","protected":false},"excerpt":{"rendered":"<div class=\"mh-excerpt\"><p>Was ist bei den eingesandten Logs zu beachten: Jedes Log sollte im Namen aktivierte Referenz, Rufzeichen und Aktivierungsdatum enthalten Jedes Log muss im ADIF-Format sein <a class=\"mh-excerpt-more\" href=\"https:\/\/dlff.info\/index.php\/logs\/log-tipps\/\" title=\"Log-Tipps\">[&#8230;]<\/a><\/p>\n<\/div>","protected":false},"author":1,"featured_media":0,"parent":70,"menu_order":0,"comment_status":"closed","ping_status":"closed","template":"","meta":{"footnotes":""},"class_list":["post-92","page","type-page","status-publish","hentry"],"jetpack_sharing_enabled":true,"_links":{"self":[{"href":"https:\/\/dlff.info\/index.php\/wp-json\/wp\/v2\/pages\/92","targetHints":{"allow":["GET"]}}],"collection":[{"href":"https:\/\/dlff.info\/index.php\/wp-json\/wp\/v2\/pages"}],"about":[{"href":"https:\/\/dlff.info\/index.php\/wp-json\/wp\/v2\/types\/page"}],"author":[{"embeddable":true,"href":"https:\/\/dlff.info\/index.php\/wp-json\/wp\/v2\/users\/1"}],"replies":[{"embeddable":true,"href":"https:\/\/dlff.info\/index.php\/wp-json\/wp\/v2\/comments?post=92"}],"version-history":[{"count":3,"href":"https:\/\/dlff.info\/index.php\/wp-json\/wp\/v2\/pages\/92\/revisions"}],"predecessor-version":[{"id":96,"href":"https:\/\/dlff.info\/index.php\/wp-json\/wp\/v2\/pages\/92\/revisions\/96"}],"up":[{"embeddable":true,"href":"https:\/\/dlff.info\/index.php\/wp-json\/wp\/v2\/pages\/70"}],"wp:attachment":[{"href":"https:\/\/dlff.info\/index.php\/wp-json\/wp\/v2\/media?parent=92"}],"curies":[{"name":"wp","href":"https:\/\/api.w.org\/{rel}","templated":true}]}}