{"id":70,"date":"2020-04-04T14:29:07","date_gmt":"2020-04-04T14:29:07","guid":{"rendered":"https:\/\/dlff.winqsl.com\/?page_id=70"},"modified":"2024-11-04T13:34:27","modified_gmt":"2024-11-04T13:34:27","slug":"logs","status":"publish","type":"page","link":"https:\/\/dlff.info\/index.php\/logs\/","title":{"rendered":"wohin DLFF-Logs senden ?"},"content":{"rendered":"<p>Wie bei allen \u00e4hnlichen Programmen ist der Hauptmotor die Datenbank. Seit der Neustrukturierung in 2012 wurden bisher mehr als 21 Millionen Verbindungen in weit mehr als 100000 Logs aus rund 36000 Referenzen in WWFF-logsearch eingespielt. Fast 10000 davon von DLFF. Um die Bearbeitung etwas aufzuteilen gibt es in sehr vielen L\u00e4ndern eigene WWFF-checkpoints. In Deutschland sind die Logs an diese <a href=\"mailto:dlfflogs@winqsl.de\">Mailadresse <\/a>zu senden. Log-Uploader ist Karl DL1JKK. Wer eine Aktivit\u00e4t im Ausland vornimmt, <a href=\"https:\/\/wwff.co\/awards\/national-programs\/\" target=\"_blank\" rel=\"noopener\">bitte an den entsprechend zust\u00e4ndigen Koordinator senden.<\/a><img loading=\"lazy\" decoding=\"async\" class=\"alignright wp-image-85\" src=\"https:\/\/dlff.info\/wp-content\/uploads\/2020\/04\/eingabefenster.jpg\" alt=\"\" width=\"321\" height=\"247\" srcset=\"https:\/\/dlff.info\/wp-content\/uploads\/2020\/04\/eingabefenster.jpg 447w, https:\/\/dlff.info\/wp-content\/uploads\/2020\/04\/eingabefenster-300x231.jpg 300w, https:\/\/dlff.info\/wp-content\/uploads\/2020\/04\/eingabefenster-85x65.jpg 85w\" sizes=\"auto, (max-width: 321px) 100vw, 321px\" \/><\/p>\n<p>F\u00fcr L\u00e4nder ohne eigenen Checkpoint, werden die Logs von Manfred DF6EX hochgeladen.<\/p>\n<p><strong>Bitte bei Einsendungen von Logs f\u00fcr Naturschutzgebiete (DLFF-0137 und h\u00f6her) generell einen Link zum QTH bzw. einen Screenshot des QTH oder GPS-Daten mitzusenden.<\/strong> Die Logs werden in ca. 14t\u00e4gigem Abstand hochgeladen. Ein Upload durch den Operator selbst ist nicht m\u00f6glich, sonst w\u00e4re es ja auch nicht m\u00f6glich Logs zu pr\u00fcfen. Das Log sollte einen sinnvollen Namen haben und alle wichtigen Infos enthalten.<\/p>\n<ul>\n<li>Jedes Log sollte im Namen aktivierte Referenz, Rufzeichen und Aktivierungsdatum enthalten<\/li>\n<li>Jedes Log muss im ADIF-Format sein und auch das Feld Band enthalten<\/li>\n<li>Die Referenz muss immer vierstellig sein, also z.B. DLFF-0001\u2026\u00a0 DLFF-0398 etc.<\/li>\n<\/ul>\n<p>WWFF-logsearch hat mittlerweilen eine Logpr\u00fcfung integriert.<\/p>\n<p>Beim Upload des Logs ist Referenz, verwendetes Rufzeichen,Operator mit einzugeben.<\/p>\n<p>Im Idealfall kann man dies bereits im Log integrieren, wie hier z.B. im mit FLE erstellten Log.<img loading=\"lazy\" decoding=\"async\" class=\"alignright wp-image-87\" src=\"https:\/\/dlff.info\/wp-content\/uploads\/2020\/04\/testlog.jpg\" alt=\"\" width=\"1200\" height=\"95\" \/><\/p>\n<p><img loading=\"lazy\" decoding=\"async\" class=\"size-full wp-image-88 alignright\" src=\"https:\/\/dlff.info\/wp-content\/uploads\/2020\/04\/testlogfle.jpg\" alt=\"\" width=\"174\" height=\"292\" \/><\/p>\n<p>FLE ist Freeware und kann <a href=\"http:\/\/www.df3cb.com\/fle\">hier runtergeladen werden<\/a><\/p>\n<p>So sieht die Eingabe des obigen Logs im FLE-Editor aus, man kann hier sehr schnell nach der Portabel-Aktivit\u00e4t ein Log erfassen. Nat\u00fcrlich ist dies vielleicht &#8222;oldschool&#8220; aber wer schon mal bei Portabel-Aktivit\u00e4ten Probleme mit HF oder mit einem aufgeh\u00e4ngtem Computer hatte ist vielleicht auch auf das gute alte Papierlog zur\u00fcckgekommen.<\/p>\n<p>Wichtigster Punkt \u00fcberhaupt ist nat\u00fcrlich ein Log nach dem Schreiben auch nochmal zu kontrollieren.<\/p>\n<p>Wir haben seit 2018 400 Anfragen zu Log-Korrekturen erhalten. Hier wird sehr h\u00e4ufig falscher Tag, falsches Band, falsche Betriebsart etc. geloggt. Generell sollte also hier mehr Sorgfalt gelegt werden. Ein Log hochzuladen dauert Sekunden, einen Fehler im Log zu korrigieren ungleich l\u00e4nger.<\/p>\n<p>Alle deutschen Logs werden am Monatsende auch an das <a href=\"http:\/\/dlfflogsearch.cotagroup.org\/index.php\">DLFF-Logsearch<\/a> \u00fcbergeben. Uwe DL2ND stellt die Logs dort ein, damit Antr\u00e4ge f\u00fcr das DLFF-Diplom online beantragt werden k\u00f6nnen.<\/p>\n<p><a href=\"https:\/\/dlff.info\/?page_id=92&amp;preview=true\"><strong>Tipps zu den Logs<\/strong><\/a><\/p>\n","protected":false},"excerpt":{"rendered":"<div class=\"mh-excerpt\"><p>Wie bei allen \u00e4hnlichen Programmen ist der Hauptmotor die Datenbank. Seit der Neustrukturierung in 2012 wurden bisher mehr als 21 Millionen Verbindungen in weit mehr <a class=\"mh-excerpt-more\" href=\"https:\/\/dlff.info\/index.php\/logs\/\" title=\"wohin DLFF-Logs senden ?\">[&#8230;]<\/a><\/p>\n<\/div>","protected":false},"author":1,"featured_media":0,"parent":0,"menu_order":0,"comment_status":"closed","ping_status":"closed","template":"","meta":{"footnotes":""},"class_list":["post-70","page","type-page","status-publish","hentry"],"jetpack_sharing_enabled":true,"_links":{"self":[{"href":"https:\/\/dlff.info\/index.php\/wp-json\/wp\/v2\/pages\/70","targetHints":{"allow":["GET"]}}],"collection":[{"href":"https:\/\/dlff.info\/index.php\/wp-json\/wp\/v2\/pages"}],"about":[{"href":"https:\/\/dlff.info\/index.php\/wp-json\/wp\/v2\/types\/page"}],"author":[{"embeddable":true,"href":"https:\/\/dlff.info\/index.php\/wp-json\/wp\/v2\/users\/1"}],"replies":[{"embeddable":true,"href":"https:\/\/dlff.info\/index.php\/wp-json\/wp\/v2\/comments?post=70"}],"version-history":[{"count":12,"href":"https:\/\/dlff.info\/index.php\/wp-json\/wp\/v2\/pages\/70\/revisions"}],"predecessor-version":[{"id":331,"href":"https:\/\/dlff.info\/index.php\/wp-json\/wp\/v2\/pages\/70\/revisions\/331"}],"wp:attachment":[{"href":"https:\/\/dlff.info\/index.php\/wp-json\/wp\/v2\/media?parent=70"}],"curies":[{"name":"wp","href":"https:\/\/api.w.org\/{rel}","templated":true}]}}