{"id":323,"date":"2024-11-04T13:16:55","date_gmt":"2024-11-04T13:16:55","guid":{"rendered":"https:\/\/dlff.info\/?page_id=323"},"modified":"2024-11-04T13:16:55","modified_gmt":"2024-11-04T13:16:55","slug":"welche-dlff-gebiete-sind-moeglich","status":"publish","type":"page","link":"https:\/\/dlff.info\/index.php\/welche-dlff-gebiete-sind-moeglich\/","title":{"rendered":"Welche DLFF-Gebiete sind m\u00f6glich ?"},"content":{"rendered":"<p>Als DLFF-Gebiete kommen nur Naturparke bzw. Naturschutzgebiete in Frage. Hierf\u00fcr gibt es mehrere Online-Ressourcen. Hier zun\u00e4chst nat\u00fcrlich in Deutschland die Seite <a href=\"https:\/\/www.bfn.de\/daten-und-fakten\/kartenanwendung-schutzgebiete-deutschland\" target=\"_blank\" rel=\"noopener\">des BFN mit dem entsprechenden Kartenviewer<\/a>. Dar\u00fcber hinaus auch die internationalen Ressourcen von <a href=\"https:\/\/natura2000.eea.europa.eu\/\" target=\"_blank\" rel=\"noopener\">Natura 2000<\/a> und <a href=\"https:\/\/www.protectedplanet.net\/en\" target=\"_blank\" rel=\"noopener\">Protected Planet<\/a>.<\/p>\n<p>Aktuell gibt es zweimal j\u00e4hrlich Updates zu den DLFF-Gebieten, meist im Fr\u00fchjahr und im Herbst. Antr\u00e4ge f\u00fcr neue Gebiete sind an den <a href=\"mailto:dl2vfr@onlinehome.de\">DLFF-Koordinator<\/a> Ric DL2VFR zu stellen.<\/p>\n<p>Man sollte hier im Vorfeld beachten, ob das Gebiet \u00fcberhaupt zu betreten ist. Es gibt eben auch Naturschutzgebiete, die wirklich nur der Natur vorbehalten sind, weil dort extrem seltene Spezies vorkommen.<\/p>\n<p>\u00a0<\/p>\n<p>\u00a0<\/p>\n","protected":false},"excerpt":{"rendered":"<div class=\"mh-excerpt\"><p>Als DLFF-Gebiete kommen nur Naturparke bzw. Naturschutzgebiete in Frage. Hierf\u00fcr gibt es mehrere Online-Ressourcen. Hier zun\u00e4chst nat\u00fcrlich in Deutschland die Seite des BFN mit dem <a class=\"mh-excerpt-more\" href=\"https:\/\/dlff.info\/index.php\/welche-dlff-gebiete-sind-moeglich\/\" title=\"Welche DLFF-Gebiete sind m\u00f6glich ?\">[&#8230;]<\/a><\/p>\n<\/div>","protected":false},"author":3,"featured_media":0,"parent":0,"menu_order":0,"comment_status":"closed","ping_status":"closed","template":"","meta":{"footnotes":""},"class_list":["post-323","page","type-page","status-publish","hentry"],"jetpack_sharing_enabled":true,"_links":{"self":[{"href":"https:\/\/dlff.info\/index.php\/wp-json\/wp\/v2\/pages\/323","targetHints":{"allow":["GET"]}}],"collection":[{"href":"https:\/\/dlff.info\/index.php\/wp-json\/wp\/v2\/pages"}],"about":[{"href":"https:\/\/dlff.info\/index.php\/wp-json\/wp\/v2\/types\/page"}],"author":[{"embeddable":true,"href":"https:\/\/dlff.info\/index.php\/wp-json\/wp\/v2\/users\/3"}],"replies":[{"embeddable":true,"href":"https:\/\/dlff.info\/index.php\/wp-json\/wp\/v2\/comments?post=323"}],"version-history":[{"count":1,"href":"https:\/\/dlff.info\/index.php\/wp-json\/wp\/v2\/pages\/323\/revisions"}],"predecessor-version":[{"id":324,"href":"https:\/\/dlff.info\/index.php\/wp-json\/wp\/v2\/pages\/323\/revisions\/324"}],"wp:attachment":[{"href":"https:\/\/dlff.info\/index.php\/wp-json\/wp\/v2\/media?parent=323"}],"curies":[{"name":"wp","href":"https:\/\/api.w.org\/{rel}","templated":true}]}}